{"id":52,"date":"2022-03-21T17:19:00","date_gmt":"2022-03-21T16:19:00","guid":{"rendered":"https:\/\/nrl-virologija.si\/?page_id=52"},"modified":"2024-01-30T13:59:42","modified_gmt":"2024-01-30T12:59:42","slug":"o-nas","status":"publish","type":"page","link":"https:\/\/nrl-virologija.si\/en\/o-nas\/","title":{"rendered":"About us"},"content":{"rendered":"<p><strong>National Reference Laboratory for plant pests such as viruses, viroids and phytoplasmas<\/strong>&nbsp;is a consortia of three institutions: National Institute of Biology (coordinator), Agricultural Institute of Slovenia, and Slovenian Institute of Hop Research and Brewing.<\/p>\n\n\n\n<div class=\"wp-block-media-text alignwide has-media-on-the-right is-stacked-on-mobile\" style=\"grid-template-columns:auto 34%\"><div class=\"wp-block-media-text__content\">\n<blockquote class=\"wp-block-quote is-style-default is-layout-flow wp-block-quote-is-layout-flow\">\n<p>COORDINATOR<\/p>\n\n\n\n<p><strong>National Institute of Biology<\/strong> <\/p>\n\n\n\n<p>Ve\u010dna pot 121, 1000 Ljubljana<\/p>\n\n\n\n<p>contact:&nbsp;<a href=\"mailto:natasa.mehle@nib.si\">natasa.mehle@nib.si<\/a>; <a href=\"mailto:labfito@nib.si\">labfito@nib.si<\/a><\/p>\n\n\n\n<p><a href=\"http:\/\/www.nib.si\/eng\/\" data-type=\"URL\" data-id=\"http:\/\/www.nib.si\">www.nib.si<\/a><\/p>\n<\/blockquote>\n<\/div><figure class=\"wp-block-media-text__media\"><img loading=\"lazy\" decoding=\"async\" width=\"2469\" height=\"295\" src=\"https:\/\/nrl-virologija.si\/wp-content\/uploads\/2022\/03\/LOGO-NIB-RGB-2.jpg\" alt=\"\" class=\"wp-image-147 size-full\" srcset=\"https:\/\/nrl-virologija.si\/wp-content\/uploads\/2022\/03\/LOGO-NIB-RGB-2.jpg 2469w, https:\/\/nrl-virologija.si\/wp-content\/uploads\/2022\/03\/LOGO-NIB-RGB-2-300x36.jpg 300w, https:\/\/nrl-virologija.si\/wp-content\/uploads\/2022\/03\/LOGO-NIB-RGB-2-1024x122.jpg 1024w, https:\/\/nrl-virologija.si\/wp-content\/uploads\/2022\/03\/LOGO-NIB-RGB-2-768x92.jpg 768w, https:\/\/nrl-virologija.si\/wp-content\/uploads\/2022\/03\/LOGO-NIB-RGB-2-1536x184.jpg 1536w, https:\/\/nrl-virologija.si\/wp-content\/uploads\/2022\/03\/LOGO-NIB-RGB-2-2048x245.jpg 2048w\" sizes=\"auto, (max-width: 2469px) 100vw, 2469px\" \/><\/figure><\/div>\n\n\n\n<div class=\"wp-block-media-text alignwide has-media-on-the-right is-stacked-on-mobile\" style=\"grid-template-columns:auto 33%\"><div class=\"wp-block-media-text__content\">\n<blockquote class=\"wp-block-quote is-style-default is-layout-flow wp-block-quote-is-layout-flow\">\n<p><strong>Agricultural Institute of Slovenia<\/strong><\/p>\n\n\n\n<p>Hacquetova ulica 17, 1000 Ljubljana, Slovenia<\/p>\n\n\n\n<p>contact: <a href=\"mailto:Irena.MavricPlesko@kis.si\">Irena.MavricPlesko@kis.si<\/a><\/p>\n\n\n\n<p><a href=\"https:\/\/www.kis.si\/en\/\">www.kis.si<\/a><\/p>\n<\/blockquote>\n<\/div><figure class=\"wp-block-media-text__media\"><img loading=\"lazy\" decoding=\"async\" width=\"271\" height=\"39\" src=\"https:\/\/nrl-virologija.si\/wp-content\/uploads\/2022\/03\/logo_KIS-1.png\" alt=\"\" class=\"wp-image-155 size-full\"\/><\/figure><\/div>\n\n\n\n<div class=\"wp-block-media-text alignwide has-media-on-the-right is-stacked-on-mobile\" style=\"grid-template-columns:auto 34%\"><div class=\"wp-block-media-text__content\">\n<blockquote class=\"wp-block-quote is-style-default is-layout-flow wp-block-quote-is-layout-flow\">\n<p><strong>Slovenian Institute of Hop Research and Brewing<\/strong><\/p>\n\n\n\n<p>Cesta \u017dalskega tabora 2, 3310 \u017dalec, Slovenia<\/p>\n\n\n\n<p>contact:&nbsp;<a href=\"mailto:sebastjan.radisek@ihps.si\">sebastjan.radisek@ihps.si<\/a><\/p>\n\n\n\n<p><a href=\"http:\/\/www.ihps.si\/en\/\">www.ihps.si<\/a><\/p>\n<\/blockquote>\n<\/div><figure class=\"wp-block-media-text__media\"><img loading=\"lazy\" decoding=\"async\" width=\"961\" height=\"128\" src=\"https:\/\/nrl-virologija.si\/wp-content\/uploads\/2024\/01\/IHPS.png\" alt=\"\" class=\"wp-image-244 size-full\" srcset=\"https:\/\/nrl-virologija.si\/wp-content\/uploads\/2024\/01\/IHPS.png 961w, https:\/\/nrl-virologija.si\/wp-content\/uploads\/2024\/01\/IHPS-300x40.png 300w, https:\/\/nrl-virologija.si\/wp-content\/uploads\/2024\/01\/IHPS-768x102.png 768w, https:\/\/nrl-virologija.si\/wp-content\/uploads\/2024\/01\/IHPS-18x2.png 18w\" sizes=\"auto, (max-width: 961px) 100vw, 961px\" \/><\/figure><\/div>","protected":false},"excerpt":{"rendered":"<p>Nacionalni referen\u010dni laboratorij za \u0161kodljive organizme rastlin na podro\u010dju virusov, viroidov in fitoplazem&nbsp;je konzorcij treh in\u0161titucij: Nacionalni in\u0161titut za biologijo (koordinator), Kmetijski in\u0161titut Slovenije in In\u0161titut za hmeljarstvo in pivovarstvo Slovenije.<\/p>","protected":false},"author":1,"featured_media":146,"parent":0,"menu_order":0,"comment_status":"closed","ping_status":"closed","template":"","meta":{"neve_meta_sidebar":"","neve_meta_container":"","neve_meta_enable_content_width":"","neve_meta_content_width":0,"neve_meta_title_alignment":"","neve_meta_author_avatar":"","neve_post_elements_order":"","neve_meta_disable_header":"","neve_meta_disable_footer":"","neve_meta_disable_title":"","ngg_post_thumbnail":0,"footnotes":""},"class_list":["post-52","page","type-page","status-publish","has-post-thumbnail","hentry"],"_links":{"self":[{"href":"https:\/\/nrl-virologija.si\/en\/wp-json\/wp\/v2\/pages\/52","targetHints":{"allow":["GET"]}}],"collection":[{"href":"https:\/\/nrl-virologija.si\/en\/wp-json\/wp\/v2\/pages"}],"about":[{"href":"https:\/\/nrl-virologija.si\/en\/wp-json\/wp\/v2\/types\/page"}],"author":[{"embeddable":true,"href":"https:\/\/nrl-virologija.si\/en\/wp-json\/wp\/v2\/users\/1"}],"replies":[{"embeddable":true,"href":"https:\/\/nrl-virologija.si\/en\/wp-json\/wp\/v2\/comments?post=52"}],"version-history":[{"count":15,"href":"https:\/\/nrl-virologija.si\/en\/wp-json\/wp\/v2\/pages\/52\/revisions"}],"predecessor-version":[{"id":245,"href":"https:\/\/nrl-virologija.si\/en\/wp-json\/wp\/v2\/pages\/52\/revisions\/245"}],"wp:featuredmedia":[{"embeddable":true,"href":"https:\/\/nrl-virologija.si\/en\/wp-json\/wp\/v2\/media\/146"}],"wp:attachment":[{"href":"https:\/\/nrl-virologija.si\/en\/wp-json\/wp\/v2\/media?parent=52"}],"curies":[{"name":"wp","href":"https:\/\/api.w.org\/{rel}","templated":true}]}}