{"id":54,"date":"2022-03-21T17:19:00","date_gmt":"2022-03-21T16:19:00","guid":{"rendered":"https:\/\/nrl-virologija.si\/?page_id=54"},"modified":"2025-12-18T16:48:57","modified_gmt":"2025-12-18T15:48:57","slug":"domov","status":"publish","type":"page","link":"https:\/\/nrl-virologija.si\/en\/","title":{"rendered":"Home"},"content":{"rendered":"<div class=\"ngg-galleryoverview ngg-slideshow\"\n\t id=\"ngg-slideshow-d91af3fdf28b3ef5f673b285a8f59277-15808496090\"\n     data-gallery-id=\"d91af3fdf28b3ef5f673b285a8f59277\"\n     style=\"max-width: 500px; max-height: 300px;\">\n\n \t<div id=\"ngg-image-0\" class=\"ngg-gallery-slideshow-image\" style=\"height:300px\">\n\n        <a href=\"https:\/\/nrl-virologija.si\/wp-content\/gallery\/nrl-1\/599_20_1_NEJa.jpg\"\n           title=\"Nejc Jako\u0161, NIB\"\n           data-src=\"https:\/\/nrl-virologija.si\/wp-content\/gallery\/nrl-1\/599_20_1_NEJa.jpg\"\n           data-thumbnail=\"https:\/\/nrl-virologija.si\/wp-content\/gallery\/nrl-1\/thumbs\/thumbs_599_20_1_NEJa.jpg\"\n           data-image-id=\"21\"\n           data-title=\"599_20_1_NEJa\"\n           data-description=\"Nejc Jako\u0161, NIB\"\n           class=\"ngg-fancybox\" rel=\"d91af3fdf28b3ef5f673b285a8f59277\">\n\n            <img data-image-id='21'\n                 title=\"Nejc Jako\u0161, NIB\"\n                 alt=\"599_20_1_NEJa\"\n                 src=\"https:\/\/nrl-virologija.si\/wp-content\/gallery\/nrl-1\/599_20_1_NEJa.jpg\"\n                 style=\"max-height: 280px;\"\/>\n        <\/a>\n\n        <\/div> \n<div id=\"ngg-image-1\" class=\"ngg-gallery-slideshow-image\" style=\"height:300px\">\n\n        <a href=\"https:\/\/nrl-virologija.si\/wp-content\/gallery\/nrl-1\/Radisek-ApmV-hmelja.jpg\"\n           title=\"Sebastjan Radi\u0161ek, IHP\"\n           data-src=\"https:\/\/nrl-virologija.si\/wp-content\/gallery\/nrl-1\/Radisek-ApmV-hmelja.jpg\"\n           data-thumbnail=\"https:\/\/nrl-virologija.si\/wp-content\/gallery\/nrl-1\/thumbs\/thumbs_Radisek-ApmV-hmelja.jpg\"\n           data-image-id=\"13\"\n           data-title=\"Radisek-ApmV-hmelja\"\n           data-description=\"Sebastjan Radi\u0161ek, IHP\"\n           class=\"ngg-fancybox\" rel=\"d91af3fdf28b3ef5f673b285a8f59277\">\n\n            <img data-image-id='13'\n                 title=\"Sebastjan Radi\u0161ek, IHP\"\n                 alt=\"Radisek-ApmV-hmelja\"\n                 src=\"https:\/\/nrl-virologija.si\/wp-content\/gallery\/nrl-1\/Radisek-ApmV-hmelja.jpg\"\n                 style=\"max-height: 280px;\"\/>\n        <\/a>\n\n        <\/div> \n<div id=\"ngg-image-2\" class=\"ngg-gallery-slideshow-image\" style=\"height:300px\">\n\n        <a href=\"https:\/\/nrl-virologija.si\/wp-content\/gallery\/nrl-1\/20170509_105915ab.jpg\"\n           title=\"Irena Mavri\u010d Ple\u0161ko, KIS\"\n           data-src=\"https:\/\/nrl-virologija.si\/wp-content\/gallery\/nrl-1\/20170509_105915ab.jpg\"\n           data-thumbnail=\"https:\/\/nrl-virologija.si\/wp-content\/gallery\/nrl-1\/thumbs\/thumbs_20170509_105915ab.jpg\"\n           data-image-id=\"30\"\n           data-title=\"20170509_105915ab\"\n           data-description=\"Irena Mavri\u010d Ple\u0161ko, KIS\"\n           class=\"ngg-fancybox\" rel=\"d91af3fdf28b3ef5f673b285a8f59277\">\n\n            <img data-image-id='30'\n                 title=\"Irena Mavri\u010d Ple\u0161ko, KIS\"\n                 alt=\"20170509_105915ab\"\n                 src=\"https:\/\/nrl-virologija.si\/wp-content\/gallery\/nrl-1\/20170509_105915ab.jpg\"\n                 style=\"max-height: 280px;\"\/>\n        <\/a>\n\n        <\/div> \n<div id=\"ngg-image-3\" class=\"ngg-gallery-slideshow-image\" style=\"height:300px\">\n\n        <a href=\"https:\/\/nrl-virologija.si\/wp-content\/gallery\/nrl-1\/IMG_2707_PRa.jpg\"\n           title=\"Mark Paul Selda Rivarez, NIB\"\n           data-src=\"https:\/\/nrl-virologija.si\/wp-content\/gallery\/nrl-1\/IMG_2707_PRa.jpg\"\n           data-thumbnail=\"https:\/\/nrl-virologija.si\/wp-content\/gallery\/nrl-1\/thumbs\/thumbs_IMG_2707_PRa.jpg\"\n           data-image-id=\"18\"\n           data-title=\"IMG_2707_PRa\"\n           data-description=\"Mark Paul Selda Rivarez, NIB\"\n           class=\"ngg-fancybox\" rel=\"d91af3fdf28b3ef5f673b285a8f59277\">\n\n            <img data-image-id='18'\n                 title=\"Mark Paul Selda Rivarez, NIB\"\n                 alt=\"IMG_2707_PRa\"\n                 src=\"https:\/\/nrl-virologija.si\/wp-content\/gallery\/nrl-1\/IMG_2707_PRa.jpg\"\n                 style=\"max-height: 280px;\"\/>\n        <\/a>\n\n        <\/div> \n<div id=\"ngg-image-4\" class=\"ngg-gallery-slideshow-image\" style=\"height:300px\">\n\n        <a href=\"https:\/\/nrl-virologija.si\/wp-content\/gallery\/nrl-1\/20180920_103950ab.jpg\"\n           title=\"Irena Mavri\u010d Ple\u0161ko, KIS\"\n           data-src=\"https:\/\/nrl-virologija.si\/wp-content\/gallery\/nrl-1\/20180920_103950ab.jpg\"\n           data-thumbnail=\"https:\/\/nrl-virologija.si\/wp-content\/gallery\/nrl-1\/thumbs\/thumbs_20180920_103950ab.jpg\"\n           data-image-id=\"33\"\n           data-title=\"20180920_103950ab\"\n           data-description=\"Irena Mavri\u010d Ple\u0161ko, KIS\"\n           class=\"ngg-fancybox\" rel=\"d91af3fdf28b3ef5f673b285a8f59277\">\n\n            <img data-image-id='33'\n                 title=\"Irena Mavri\u010d Ple\u0161ko, KIS\"\n                 alt=\"20180920_103950ab\"\n                 src=\"https:\/\/nrl-virologija.si\/wp-content\/gallery\/nrl-1\/20180920_103950ab.jpg\"\n                 style=\"max-height: 280px;\"\/>\n        <\/a>\n\n        <\/div> \n<div id=\"ngg-image-5\" class=\"ngg-gallery-slideshow-image\" style=\"height:300px\">\n\n        <a href=\"https:\/\/nrl-virologija.si\/wp-content\/gallery\/nrl-1\/20170523_100501-izrezab.jpg\"\n           title=\"Irena Mavri\u010d Ple\u0161ko, KIS\"\n           data-src=\"https:\/\/nrl-virologija.si\/wp-content\/gallery\/nrl-1\/20170523_100501-izrezab.jpg\"\n           data-thumbnail=\"https:\/\/nrl-virologija.si\/wp-content\/gallery\/nrl-1\/thumbs\/thumbs_20170523_100501-izrezab.jpg\"\n           data-image-id=\"28\"\n           data-title=\"20170523_100501-izrezab\"\n           data-description=\"Irena Mavri\u010d Ple\u0161ko, KIS\"\n           class=\"ngg-fancybox\" rel=\"d91af3fdf28b3ef5f673b285a8f59277\">\n\n            <img data-image-id='28'\n                 title=\"Irena Mavri\u010d Ple\u0161ko, KIS\"\n                 alt=\"20170523_100501-izrezab\"\n                 src=\"https:\/\/nrl-virologija.si\/wp-content\/gallery\/nrl-1\/20170523_100501-izrezab.jpg\"\n                 style=\"max-height: 280px;\"\/>\n        <\/a>\n\n        <\/div> \n<div id=\"ngg-image-6\" class=\"ngg-gallery-slideshow-image\" style=\"height:300px\">\n\n        <a href=\"https:\/\/nrl-virologija.si\/wp-content\/gallery\/nrl-1\/20200706_102804ab.jpg\"\n           title=\"Irena Mavri\u010d Ple\u0161ko, KIS\"\n           data-src=\"https:\/\/nrl-virologija.si\/wp-content\/gallery\/nrl-1\/20200706_102804ab.jpg\"\n           data-thumbnail=\"https:\/\/nrl-virologija.si\/wp-content\/gallery\/nrl-1\/thumbs\/thumbs_20200706_102804ab.jpg\"\n           data-image-id=\"31\"\n           data-title=\"20200706_102804ab\"\n           data-description=\"Irena Mavri\u010d Ple\u0161ko, KIS\"\n           class=\"ngg-fancybox\" rel=\"d91af3fdf28b3ef5f673b285a8f59277\">\n\n            <img data-image-id='31'\n                 title=\"Irena Mavri\u010d Ple\u0161ko, KIS\"\n                 alt=\"20200706_102804ab\"\n                 src=\"https:\/\/nrl-virologija.si\/wp-content\/gallery\/nrl-1\/20200706_102804ab.jpg\"\n                 style=\"max-height: 280px;\"\/>\n        <\/a>\n\n        <\/div> \n<div id=\"ngg-image-7\" class=\"ngg-gallery-slideshow-image\" style=\"height:300px\">\n\n        <a href=\"https:\/\/nrl-virologija.si\/wp-content\/gallery\/nrl-1\/20170509_105854ab.jpg\"\n           title=\"Irena Mavri\u010d Ple\u0161ko, KIS\"\n           data-src=\"https:\/\/nrl-virologija.si\/wp-content\/gallery\/nrl-1\/20170509_105854ab.jpg\"\n           data-thumbnail=\"https:\/\/nrl-virologija.si\/wp-content\/gallery\/nrl-1\/thumbs\/thumbs_20170509_105854ab.jpg\"\n           data-image-id=\"32\"\n           data-title=\"20170509_105854ab\"\n           data-description=\"Irena Mavri\u010d Ple\u0161ko, KIS\"\n           class=\"ngg-fancybox\" rel=\"d91af3fdf28b3ef5f673b285a8f59277\">\n\n            <img data-image-id='32'\n                 title=\"Irena Mavri\u010d Ple\u0161ko, KIS\"\n                 alt=\"20170509_105854ab\"\n                 src=\"https:\/\/nrl-virologija.si\/wp-content\/gallery\/nrl-1\/20170509_105854ab.jpg\"\n                 style=\"max-height: 280px;\"\/>\n        <\/a>\n\n        <\/div> \n<div id=\"ngg-image-8\" class=\"ngg-gallery-slideshow-image\" style=\"height:300px\">\n\n        <a href=\"https:\/\/nrl-virologija.si\/wp-content\/gallery\/nrl-1\/IMG_1678_PRa.jpg\"\n           title=\"Mark Paul Selda Rivarez, NIB\"\n           data-src=\"https:\/\/nrl-virologija.si\/wp-content\/gallery\/nrl-1\/IMG_1678_PRa.jpg\"\n           data-thumbnail=\"https:\/\/nrl-virologija.si\/wp-content\/gallery\/nrl-1\/thumbs\/thumbs_IMG_1678_PRa.jpg\"\n           data-image-id=\"17\"\n           data-title=\"IMG_1678_PRa\"\n           data-description=\"Mark Paul Selda Rivarez, NIB\"\n           class=\"ngg-fancybox\" rel=\"d91af3fdf28b3ef5f673b285a8f59277\">\n\n            <img data-image-id='17'\n                 title=\"Mark Paul Selda Rivarez, NIB\"\n                 alt=\"IMG_1678_PRa\"\n                 src=\"https:\/\/nrl-virologija.si\/wp-content\/gallery\/nrl-1\/IMG_1678_PRa.jpg\"\n                 style=\"max-height: 280px;\"\/>\n        <\/a>\n\n        <\/div> \n<div id=\"ngg-image-9\" class=\"ngg-gallery-slideshow-image\" style=\"height:300px\">\n\n        <a href=\"https:\/\/nrl-virologija.si\/wp-content\/gallery\/nrl-1\/INSI19009-3_OMa.jpg\"\n           title=\"Olivera Maksimovi\u0107 Carvalho Ferreira, NIB\"\n           data-src=\"https:\/\/nrl-virologija.si\/wp-content\/gallery\/nrl-1\/INSI19009-3_OMa.jpg\"\n           data-thumbnail=\"https:\/\/nrl-virologija.si\/wp-content\/gallery\/nrl-1\/thumbs\/thumbs_INSI19009-3_OMa.jpg\"\n           data-image-id=\"15\"\n           data-title=\"INSI19009-3_OMa\"\n           data-description=\"Olivera Maksimovi\u0107 Carvalho Ferreira, NIB\"\n           class=\"ngg-fancybox\" rel=\"d91af3fdf28b3ef5f673b285a8f59277\">\n\n            <img data-image-id='15'\n                 title=\"Olivera Maksimovi\u0107 Carvalho Ferreira, NIB\"\n                 alt=\"INSI19009-3_OMa\"\n                 src=\"https:\/\/nrl-virologija.si\/wp-content\/gallery\/nrl-1\/INSI19009-3_OMa.jpg\"\n                 style=\"max-height: 280px;\"\/>\n        <\/a>\n\n        <\/div> \n<div id=\"ngg-image-10\" class=\"ngg-gallery-slideshow-image\" style=\"height:300px\">\n\n        <a href=\"https:\/\/nrl-virologija.si\/wp-content\/gallery\/nrl-1\/Radisek-CBCVd-hmelj-1a.jpg\"\n           title=\"Sebastjan Radi\u0161ek, IHP\"\n           data-src=\"https:\/\/nrl-virologija.si\/wp-content\/gallery\/nrl-1\/Radisek-CBCVd-hmelj-1a.jpg\"\n           data-thumbnail=\"https:\/\/nrl-virologija.si\/wp-content\/gallery\/nrl-1\/thumbs\/thumbs_Radisek-CBCVd-hmelj-1a.jpg\"\n           data-image-id=\"10\"\n           data-title=\"Radisek-CBCVd-hmelj-1a\"\n           data-description=\"Sebastjan Radi\u0161ek, IHP\"\n           class=\"ngg-fancybox\" rel=\"d91af3fdf28b3ef5f673b285a8f59277\">\n\n            <img data-image-id='10'\n                 title=\"Sebastjan Radi\u0161ek, IHP\"\n                 alt=\"Radisek-CBCVd-hmelj-1a\"\n                 src=\"https:\/\/nrl-virologija.si\/wp-content\/gallery\/nrl-1\/Radisek-CBCVd-hmelj-1a.jpg\"\n                 style=\"max-height: 280px;\"\/>\n        <\/a>\n\n        <\/div> \n<div id=\"ngg-image-11\" class=\"ngg-gallery-slideshow-image\" style=\"height:300px\">\n\n        <a href=\"https:\/\/nrl-virologija.si\/wp-content\/gallery\/nrl-1\/Radisek-Hmelj-CBCVda.jpg\"\n           title=\"Sebastjan Radi\u0161ek, IHP\"\n           data-src=\"https:\/\/nrl-virologija.si\/wp-content\/gallery\/nrl-1\/Radisek-Hmelj-CBCVda.jpg\"\n           data-thumbnail=\"https:\/\/nrl-virologija.si\/wp-content\/gallery\/nrl-1\/thumbs\/thumbs_Radisek-Hmelj-CBCVda.jpg\"\n           data-image-id=\"11\"\n           data-title=\"Radisek-Hmelj-CBCVda\"\n           data-description=\"Sebastjan Radi\u0161ek, IHP\"\n           class=\"ngg-fancybox\" rel=\"d91af3fdf28b3ef5f673b285a8f59277\">\n\n            <img data-image-id='11'\n                 title=\"Sebastjan Radi\u0161ek, IHP\"\n                 alt=\"Radisek-Hmelj-CBCVda\"\n                 src=\"https:\/\/nrl-virologija.si\/wp-content\/gallery\/nrl-1\/Radisek-Hmelj-CBCVda.jpg\"\n                 style=\"max-height: 280px;\"\/>\n        <\/a>\n\n        <\/div> \n<div id=\"ngg-image-12\" class=\"ngg-gallery-slideshow-image\" style=\"height:300px\">\n\n        <a href=\"https:\/\/nrl-virologija.si\/wp-content\/gallery\/nrl-1\/20180512_145748ab.jpg\"\n           title=\"Irena Mavri\u010d Ple\u0161ko, KIS\"\n           data-src=\"https:\/\/nrl-virologija.si\/wp-content\/gallery\/nrl-1\/20180512_145748ab.jpg\"\n           data-thumbnail=\"https:\/\/nrl-virologija.si\/wp-content\/gallery\/nrl-1\/thumbs\/thumbs_20180512_145748ab.jpg\"\n           data-image-id=\"29\"\n           data-title=\"20180512_145748ab\"\n           data-description=\"Irena Mavri\u010d Ple\u0161ko, KIS\"\n           class=\"ngg-fancybox\" rel=\"d91af3fdf28b3ef5f673b285a8f59277\">\n\n            <img data-image-id='29'\n                 title=\"Irena Mavri\u010d Ple\u0161ko, KIS\"\n                 alt=\"20180512_145748ab\"\n                 src=\"https:\/\/nrl-virologija.si\/wp-content\/gallery\/nrl-1\/20180512_145748ab.jpg\"\n                 style=\"max-height: 280px;\"\/>\n        <\/a>\n\n        <\/div> \n<div id=\"ngg-image-13\" class=\"ngg-gallery-slideshow-image\" style=\"height:300px\">\n\n        <a href=\"https:\/\/nrl-virologija.si\/wp-content\/gallery\/nrl-1\/ToMV-145752-1E-07a.jpg\"\n           title=\"Magda Tu\u0161ek \u017dnidari\u010d, NIB\"\n           data-src=\"https:\/\/nrl-virologija.si\/wp-content\/gallery\/nrl-1\/ToMV-145752-1E-07a.jpg\"\n           data-thumbnail=\"https:\/\/nrl-virologija.si\/wp-content\/gallery\/nrl-1\/thumbs\/thumbs_ToMV-145752-1E-07a.jpg\"\n           data-image-id=\"19\"\n           data-title=\"ToMV-145752-1E-07a\"\n           data-description=\"Magda Tu\u0161ek \u017dnidari\u010d, NIB\"\n           class=\"ngg-fancybox\" rel=\"d91af3fdf28b3ef5f673b285a8f59277\">\n\n            <img data-image-id='19'\n                 title=\"Magda Tu\u0161ek \u017dnidari\u010d, NIB\"\n                 alt=\"ToMV-145752-1E-07a\"\n                 src=\"https:\/\/nrl-virologija.si\/wp-content\/gallery\/nrl-1\/ToMV-145752-1E-07a.jpg\"\n                 style=\"max-height: 280px;\"\/>\n        <\/a>\n\n        <\/div> \n<div id=\"ngg-image-14\" class=\"ngg-gallery-slideshow-image\" style=\"height:300px\">\n\n        <a href=\"https:\/\/nrl-virologija.si\/wp-content\/gallery\/nrl-1\/CMV-145752-2F-12a.jpg\"\n           title=\"Magda Tu\u0161ek \u017dnidari\u010d, NIB\"\n           data-src=\"https:\/\/nrl-virologija.si\/wp-content\/gallery\/nrl-1\/CMV-145752-2F-12a.jpg\"\n           data-thumbnail=\"https:\/\/nrl-virologija.si\/wp-content\/gallery\/nrl-1\/thumbs\/thumbs_CMV-145752-2F-12a.jpg\"\n           data-image-id=\"20\"\n           data-title=\"CMV-145752-2F-12a\"\n           data-description=\"Magda Tu\u0161ek \u017dnidari\u010d, NIB\"\n           class=\"ngg-fancybox\" rel=\"d91af3fdf28b3ef5f673b285a8f59277\">\n\n            <img data-image-id='20'\n                 title=\"Magda Tu\u0161ek \u017dnidari\u010d, NIB\"\n                 alt=\"CMV-145752-2F-12a\"\n                 src=\"https:\/\/nrl-virologija.si\/wp-content\/gallery\/nrl-1\/CMV-145752-2F-12a.jpg\"\n                 style=\"max-height: 280px;\"\/>\n        <\/a>\n\n        <\/div> \n<\/div>\n\n\n\n\n\n\n\n<h2 class=\"wp-block-heading has-text-color\" style=\"color:#009739\"><strong><mark style=\"background-color:rgba(0, 0, 0, 0);color:#298e46\" class=\"has-inline-color\">National Reference Laboratory for pests on plants- VIRUSES, VIROIDS, AND PHYTOPLASMAS<\/mark><\/strong><\/h2>\n\n\n\n<p class=\"translation-block\">In October 2019, the Administration of the Republic of Slovenia for Food Safety, Veterinary Sector and Plant Protection (AFSVSPP) appointed the <strong>National Reference Laboratory for Pests on Plants - Viruses, Viroids and Phytoplasmas<\/strong>, which is a consortium of three partners:<\/p>\n\n\n\n<ul class=\"wp-block-list\">\n<li><a href=\"http:\/\/www.nib.si\/eng\/\"><strong>National Institute of Biology<\/strong><\/a><\/li>\n\n\n\n<li><strong><a href=\"https:\/\/www.kis.si\/en\/\">Agricultural Institute of Slovenia<\/a><\/strong><\/li>\n\n\n\n<li><a href=\"http:\/\/www.ihps.si\/en\/\"><strong>Slovenian Institute of Hop Research and Brewing<\/strong><\/a><\/li>\n<\/ul>\n\n\n\n<p><strong>The tasks performed by the national reference laboratory are defined in the Article 101 of the Regulation (EU) 2017\/625. The main tasks of the National Reference Laboratory are:<\/strong><\/p>\n\n\n\n<ul class=\"wp-block-list\">\n<li>collaboration with the reference laboratories of the European Union<\/li>\n\n\n\n<li>coordination of official laboratories in the Republic of Slovenia<\/li>\n\n\n\n<li>coordination and guidance for the improvement of laboratory analytical, testing and diagnostic methods<\/li>\n\n\n\n<li>organization of inter-laboratory comparisons or proficiency tests for official laboratories<\/li>\n\n\n\n<li>provision of professional and scientific assistance to the AFSVSPP for the implementation of multi-year national surveys and other coordinated official control programs<\/li>\n\n\n\n<li>ensuring the validation of reagents, establishing and maintaining lists of available reference substances and reagents<\/li>\n\n\n\n<li>nudenje znanstvene in tehni\u010dne pomo\u010di UVHVVR v primeru izbruha \u0161kodljivega organizma rastlin in v primeru neskladnosti po\u0161iljk (potrditveno diagnosticiranje, ugotavljanje lastnosti, epidemiolo\u0161ke in taksonomske \u0161tudije izolatov patogenov ali vzorcev \u0161kodljivih organizmov).<\/li>\n<\/ul>\n\n\n\n<p><strong>Tasks among the partners in the consortium according are defined according to the type of plant:<\/strong><\/p>\n\n\n\n<ul class=\"wp-block-list\">\n<li>National Institute of Biology:&nbsp;<em>viruses and viroids (ornamental plants and vegetables)<\/em>, <em>phytoplasmas<\/em><\/li>\n\n\n\n<li>Agricultural Institute of Slovenia:&nbsp;<em>viruses and viroids (fruit trees, grapevine, field crops)<\/em><\/li>\n\n\n\n<li>Slovenian Institute of Hop Research and Brewing:&nbsp;<em>viruses and viroids (hops)<\/em><\/li>\n<\/ul>\n\n\n\n<p><strong>Links:<\/strong><\/p>\n\n\n\n<ul class=\"wp-block-list\">\n<li><a href=\"https:\/\/www.gov.si\/teme\/laboratoriji-za-skodljive-organizme-rastlin\/\">www.gov.si\/teme\/laboratoriji-za-skodljive-organizme-rastlin\/<\/a><\/li>\n\n\n\n<li><a href=\"https:\/\/eurlplanthealth.nl\/\">European Union Reference Laboratories for Bacteriology and Virology<\/a><\/li>\n\n\n\n<li><a href=\"https:\/\/ec.europa.eu\/food\/plant\/plant_health_biosecurity\/legislation\/new_eu_rules_en\">https:\/\/ec.europa.eu\/food\/plant\/plant_health_biosecurity\/legislation\/new_eu_rules_en<\/a><\/li>\n\n\n\n<li><a href=\"https:\/\/nrlinsekti.splet.arnes.si\/\">Nacionalni referen\u010dni laboratorij za \u0161kodljive organizme rastlin \u2013 INSEKTI IN PR\u0160ICE<\/a><\/li>\n\n\n\n<li><a href=\"http:\/\/www.nrl-glive.si\/\">Nacionalni referen\u010dni laboratorij za \u0161kodljive organizme rastlin &#8211; glive in oomicete<\/a><\/li>\n\n\n\n<li><a href=\"http:\/\/www.nrl-bakterije.si\">Nacionalni referen\u010dni laboratorij za \u0161kodljive organizme rastlin &#8211; bakterije<\/a> <\/li>\n<\/ul>\n\n\n\n<p><\/p>","protected":false},"excerpt":{"rendered":"<p>Nacionalni referen\u010dni laboratorij za \u0161kodljive organizme rastlin \u2013 VIRUSI, VIROIDI IN FITOPLAZME V oktobru 2019 je Uprava RS za varno hrano, veterinarstvo in varstvo rastlin (UVHVVR) imenovala&nbsp;Nacionalni referen\u010dni laboratorij za \u0161kodljive organizme rastlin \u2013 viruse, viroide in fitoplazme, ki je konzorcij treh partnerjev: Naloge, ki jih opravlja nacionalni referen\u010dni laboratorij so opredeljene v 101. \u010dlenu&hellip;&nbsp;<a href=\"https:\/\/nrl-virologija.si\/en\/\" class=\"\" rel=\"bookmark\">Read More &raquo;<span class=\"screen-reader-text\">Home<\/span><\/a><\/p>","protected":false},"author":1,"featured_media":0,"parent":0,"menu_order":0,"comment_status":"closed","ping_status":"closed","template":"","meta":{"neve_meta_sidebar":"","neve_meta_container":"full-width","neve_meta_enable_content_width":"on","neve_meta_content_width":79,"neve_meta_title_alignment":"left","neve_meta_author_avatar":"","neve_post_elements_order":"","neve_meta_disable_header":"off","neve_meta_disable_footer":"off","neve_meta_disable_title":"on","ngg_post_thumbnail":0,"footnotes":""},"class_list":["post-54","page","type-page","status-publish","hentry"],"_links":{"self":[{"href":"https:\/\/nrl-virologija.si\/en\/wp-json\/wp\/v2\/pages\/54","targetHints":{"allow":["GET"]}}],"collection":[{"href":"https:\/\/nrl-virologija.si\/en\/wp-json\/wp\/v2\/pages"}],"about":[{"href":"https:\/\/nrl-virologija.si\/en\/wp-json\/wp\/v2\/types\/page"}],"author":[{"embeddable":true,"href":"https:\/\/nrl-virologija.si\/en\/wp-json\/wp\/v2\/users\/1"}],"replies":[{"embeddable":true,"href":"https:\/\/nrl-virologija.si\/en\/wp-json\/wp\/v2\/comments?post=54"}],"version-history":[{"count":40,"href":"https:\/\/nrl-virologija.si\/en\/wp-json\/wp\/v2\/pages\/54\/revisions"}],"predecessor-version":[{"id":256,"href":"https:\/\/nrl-virologija.si\/en\/wp-json\/wp\/v2\/pages\/54\/revisions\/256"}],"wp:attachment":[{"href":"https:\/\/nrl-virologija.si\/en\/wp-json\/wp\/v2\/media?parent=54"}],"curies":[{"name":"wp","href":"https:\/\/api.w.org\/{rel}","templated":true}]}}